{"id":675,"date":"2019-08-26T10:54:09","date_gmt":"2019-08-26T08:54:09","guid":{"rendered":"http:\/\/new-wordpress.mydimm.dev-platform.creacore.be\/?page_id=675"},"modified":"2023-03-13T15:25:27","modified_gmt":"2023-03-13T14:25:27","slug":"contact-partenaire-laurent","status":"publish","type":"page","link":"https:\/\/www.mydimm.com\/nl\/artisans-partenaires\/contact-partenaire-laurent\/","title":{"rendered":"Contact partenaire (Laurent)"},"content":{"rendered":"<h2 class=\"wp-block-heading\" id=\"mce_17\">Vous souhaitez l'aide d'un professionnel?<\/h2>\n\n\n\n<p class=\"has-text-align-center has-medium-font-size\">Nos artisans partenaires peuvent prendre en charge l'enti\u00e8ret\u00e9 de votre projet. Le prix du mobilier reste le m\u00eame et l'artisan vous remet un devis pour le mesurage, la conception et la pose.<\/p>\n\n\n\n<div class=\"wpcf7 no-js\" id=\"wpcf7-f674-o1\" lang=\"fr-FR\" dir=\"ltr\" data-wpcf7-id=\"674\">\n<div class=\"screen-reader-response\"><p role=\"status\" aria-live=\"polite\" aria-atomic=\"true\"><\/p> <ul><\/ul><\/div>\n<form action=\"\/nl\/wp-json\/wp\/v2\/pages\/675#wpcf7-f674-o1\" method=\"post\" class=\"wpcf7-form init artisan-form\" aria-label=\"Formulaire de contact\" enctype=\"multipart\/form-data\" novalidate=\"novalidate\" data-status=\"init\" data-trp-original-action=\"\/nl\/wp-json\/wp\/v2\/pages\/675#wpcf7-f674-o1\">\n<fieldset class=\"hidden-fields-container\"><input type=\"hidden\" name=\"_wpcf7\" value=\"674\" \/><input type=\"hidden\" name=\"_wpcf7_version\" value=\"6.1.2\" \/><input type=\"hidden\" name=\"_wpcf7_locale\" value=\"fr_FR\" \/><input type=\"hidden\" name=\"_wpcf7_unit_tag\" value=\"wpcf7-f674-o1\" \/><input type=\"hidden\" name=\"_wpcf7_container_post\" value=\"0\" \/><input type=\"hidden\" name=\"_wpcf7_posted_data_hash\" value=\"\" \/><input type=\"hidden\" name=\"_wpcf7_recaptcha_response\" value=\"\" \/>\n<\/fieldset>\n<div style=\"display: flex; justify-content: center; flex-wrap: wrap;\">\n\t<div style=\"padding: 1em;\">\n\t\t<h6>Uw gegevens\n\t\t<\/h6>\n\t\t<p><label>Naam<br \/>\n<span class=\"wpcf7-form-control-wrap\" data-name=\"lastname\"><input size=\"40\" maxlength=\"400\" class=\"wpcf7-form-control wpcf7-text wpcf7-validates-as-required\" aria-required=\"true\" aria-invalid=\"false\" value=\"\" type=\"text\" name=\"lastname\" \/><\/span> <\/label><br \/>\n<label>Voornaam<br \/>\n<span class=\"wpcf7-form-control-wrap\" data-name=\"firstname\"><input size=\"40\" maxlength=\"400\" class=\"wpcf7-form-control wpcf7-text wpcf7-validates-as-required\" aria-required=\"true\" aria-invalid=\"false\" value=\"\" type=\"text\" name=\"firstname\" \/><\/span> <\/label><br \/>\n<label>Telefoon<br \/>\n<span class=\"wpcf7-form-control-wrap\" data-name=\"phone\"><input size=\"40\" maxlength=\"400\" class=\"wpcf7-form-control wpcf7-tel wpcf7-validates-as-required wpcf7-text wpcf7-validates-as-tel\" aria-required=\"true\" aria-invalid=\"false\" value=\"\" type=\"tel\" name=\"phone\" \/><\/span><\/label><br \/>\n<label>E-mailadres<br \/>\n<span class=\"wpcf7-form-control-wrap\" data-name=\"email\"><input size=\"40\" maxlength=\"400\" class=\"wpcf7-form-control wpcf7-email wpcf7-validates-as-required wpcf7-text wpcf7-validates-as-email\" aria-required=\"true\" aria-invalid=\"false\" value=\"\" type=\"email\" name=\"email\" \/><\/span><\/label>\n\t\t<\/p>\n\t<\/div>\n\t<div style=\"padding: 1em;\">\n\t\t<h6>Uw project\n\t\t<\/h6>\n\t\t<p><label>Naam van het project<br \/>\n<span class=\"wpcf7-form-control-wrap\" data-name=\"projectTitle\"><input size=\"40\" maxlength=\"400\" class=\"wpcf7-form-control wpcf7-text wpcf7-validates-as-required\" aria-required=\"true\" aria-invalid=\"false\" value=\"\" type=\"text\" name=\"projectTitle\" \/><\/span><\/label><br \/>\n<label>Beschijving van het projct<br \/>\n<span class=\"wpcf7-form-control-wrap\" data-name=\"description\"><textarea cols=\"40\" rows=\"10\" maxlength=\"2000\" class=\"wpcf7-form-control wpcf7-textarea wpcf7-validates-as-required\" aria-required=\"true\" aria-invalid=\"false\" name=\"description\"><\/textarea><\/span><br \/>\n<\/label>\n\t\t<\/p>\n\t<\/div>\n<\/div>\n<h6 style=\"text-align: center;\">Aanvullende informatie <small>(niet verplicht)<\/small>\n<\/h6>\n<div style=\"display: flex; justify-content: center; flex-wrap: wrap;\">\n\t<div>\n\t\t<p><label>Foto('s) van de ruimte waar het project komt te staan<br \/>\n<span class=\"wpcf7-form-control-wrap\" data-name=\"photo-room-1\"><input size=\"40\" class=\"wpcf7-form-control wpcf7-file\" accept=\".jpg\" aria-invalid=\"false\" type=\"file\" name=\"photo-room-1\" \/><\/span><\/label><br \/>\n<label><span class=\"wpcf7-form-control-wrap\" data-name=\"photo-room-2\"><input size=\"40\" class=\"wpcf7-form-control wpcf7-file\" accept=\".jpg\" aria-invalid=\"false\" type=\"file\" name=\"photo-room-2\" \/><\/span><\/label><br \/>\n<label><span class=\"wpcf7-form-control-wrap\" data-name=\"photo-room-3\"><input size=\"40\" class=\"wpcf7-form-control wpcf7-file\" accept=\".jpg\" aria-invalid=\"false\" type=\"file\" name=\"photo-room-3\" \/><\/span><\/label><br \/>\n<label><br \/>\n<\/label>\n\t\t<\/p>\n\t<\/div>\n\t<div>\n\t\t<p>Schema of voorbeeld<br \/>\n<span class=\"wpcf7-form-control-wrap\" data-name=\"example-1\"><input size=\"40\" class=\"wpcf7-form-control wpcf7-file\" accept=\".jpg\" aria-invalid=\"false\" type=\"file\" name=\"example-1\" \/><\/span><br \/>\n<label><span class=\"wpcf7-form-control-wrap\" data-name=\"example-2\"><input size=\"40\" class=\"wpcf7-form-control wpcf7-file\" accept=\".jpg\" aria-invalid=\"false\" type=\"file\" name=\"example-2\" \/><\/span><\/label><br \/>\n<label><span class=\"wpcf7-form-control-wrap\" data-name=\"example-3\"><input size=\"40\" class=\"wpcf7-form-control wpcf7-file\" accept=\".jpg\" aria-invalid=\"false\" type=\"file\" name=\"example-3\" \/><\/span><\/label>\n\t\t<\/p>\n\t<\/div>\n<\/div>\n<div style=\"text-align: center;\">\n\t<p><input class=\"wpcf7-form-control wpcf7-submit has-spinner\" type=\"submit\" value=\"Stuur\" \/>\n\t<\/p>\n<\/div><div class=\"wpcf7-response-output\" aria-hidden=\"true\"><\/div>\n<input type=\"hidden\" name=\"trp-form-language\" value=\"nl\"\/><\/form>\n<\/div>","protected":false},"excerpt":{"rendered":"<p>Vous souhaitez l'aide d'un professionnel? Nos artisans partenaires peuvent prendre en charge l'enti\u00e8ret\u00e9 de votre projet. Le prix du mobilier reste le m\u00eame et l'artisan vous remet un devis pour [&hellip;]<\/p>","protected":false},"author":2,"featured_media":0,"parent":156,"menu_order":0,"comment_status":"closed","ping_status":"closed","template":"","meta":{"_acf_changed":false,"om_disable_all_campaigns":false,"footnotes":""},"class_list":["post-675","page","type-page","status-publish","hentry"],"acf":false,"_links":{"self":[{"href":"https:\/\/www.mydimm.com\/nl\/wp-json\/wp\/v2\/pages\/675","targetHints":{"allow":["GET"]}}],"collection":[{"href":"https:\/\/www.mydimm.com\/nl\/wp-json\/wp\/v2\/pages"}],"about":[{"href":"https:\/\/www.mydimm.com\/nl\/wp-json\/wp\/v2\/types\/page"}],"author":[{"embeddable":true,"href":"https:\/\/www.mydimm.com\/nl\/wp-json\/wp\/v2\/users\/2"}],"replies":[{"embeddable":true,"href":"https:\/\/www.mydimm.com\/nl\/wp-json\/wp\/v2\/comments?post=675"}],"version-history":[{"count":3,"href":"https:\/\/www.mydimm.com\/nl\/wp-json\/wp\/v2\/pages\/675\/revisions"}],"predecessor-version":[{"id":2832,"href":"https:\/\/www.mydimm.com\/nl\/wp-json\/wp\/v2\/pages\/675\/revisions\/2832"}],"up":[{"embeddable":true,"href":"https:\/\/www.mydimm.com\/nl\/wp-json\/wp\/v2\/pages\/156"}],"wp:attachment":[{"href":"https:\/\/www.mydimm.com\/nl\/wp-json\/wp\/v2\/media?parent=675"}],"curies":[{"name":"wp","href":"https:\/\/api.w.org\/{rel}","templated":true}]}}