{"id":610,"date":"2019-02-11T21:17:04","date_gmt":"2019-02-11T20:17:04","guid":{"rendered":"http:\/\/new-wordpress.mydimm.dev-platform.creacore.be\/?page_id=610"},"modified":"2023-03-13T15:25:34","modified_gmt":"2023-03-13T14:25:34","slug":"contact-partenaires","status":"publish","type":"page","link":"https:\/\/www.mydimm.com\/nl\/artisans-partenaires\/contact-partenaires\/","title":{"rendered":"Contact met partners"},"content":{"rendered":"<h2 class=\"has-text-align-center wp-block-heading\">Vous souhaitez l'aide d'un professionnel?<\/h2>\n\n\n\n<p class=\"has-text-align-center has-medium-font-size\">Onze partners kunnen uw hele project voor hun rekening nemen. De prijs van het meubilair blijft hetzelfde en de architect of timmerman van uw keuze geeft u een offerte voor de opmeting, het ontwerp en de installatie.<\/p>\n\n\n\n<p><\/p>\n\n\n\n<div class=\"wpcf7 no-js\" id=\"wpcf7-f590-o1\" lang=\"fr-FR\" dir=\"ltr\" data-wpcf7-id=\"590\">\n<div class=\"screen-reader-response\"><p role=\"status\" aria-live=\"polite\" aria-atomic=\"true\"><\/p> <ul><\/ul><\/div>\n<form action=\"\/nl\/wp-json\/wp\/v2\/pages\/610#wpcf7-f590-o1\" method=\"post\" class=\"wpcf7-form init artisan-form\" aria-label=\"Formulaire de contact\" enctype=\"multipart\/form-data\" novalidate=\"novalidate\" data-status=\"init\" data-trp-original-action=\"\/nl\/wp-json\/wp\/v2\/pages\/610#wpcf7-f590-o1\">\n<fieldset class=\"hidden-fields-container\"><input type=\"hidden\" name=\"_wpcf7\" value=\"590\" \/><input type=\"hidden\" name=\"_wpcf7_version\" value=\"6.1.2\" \/><input type=\"hidden\" name=\"_wpcf7_locale\" value=\"fr_FR\" \/><input type=\"hidden\" name=\"_wpcf7_unit_tag\" value=\"wpcf7-f590-o1\" \/><input type=\"hidden\" name=\"_wpcf7_container_post\" value=\"0\" \/><input type=\"hidden\" name=\"_wpcf7_posted_data_hash\" value=\"\" \/><input type=\"hidden\" name=\"_wpcf7_recaptcha_response\" value=\"\" \/>\n<\/fieldset>\n<div style=\"display: flex; justify-content: center; flex-wrap: wrap;\">\n\t<div style=\"padding: 1em;\">\n\t\t<h6>Uw gegevens\n\t\t<\/h6>\n\t\t<p><label>Naam<br \/>\n<span class=\"wpcf7-form-control-wrap\" data-name=\"lastname\"><input size=\"40\" maxlength=\"400\" class=\"wpcf7-form-control wpcf7-text wpcf7-validates-as-required\" aria-required=\"true\" aria-invalid=\"false\" value=\"\" type=\"text\" name=\"lastname\" \/><\/span> <\/label><br \/>\n<label>Voornaam<br \/>\n<span class=\"wpcf7-form-control-wrap\" data-name=\"firstname\"><input size=\"40\" maxlength=\"400\" class=\"wpcf7-form-control wpcf7-text wpcf7-validates-as-required\" aria-required=\"true\" aria-invalid=\"false\" value=\"\" type=\"text\" name=\"firstname\" \/><\/span> <\/label><br \/>\n<label>Telefoon<br \/>\n<span class=\"wpcf7-form-control-wrap\" data-name=\"phone\"><input size=\"40\" maxlength=\"400\" class=\"wpcf7-form-control wpcf7-tel wpcf7-validates-as-required wpcf7-text wpcf7-validates-as-tel\" aria-required=\"true\" aria-invalid=\"false\" value=\"\" type=\"tel\" name=\"phone\" \/><\/span><\/label><br \/>\n<label>E-mailadres<br \/>\n<span class=\"wpcf7-form-control-wrap\" data-name=\"email\"><input size=\"40\" maxlength=\"400\" class=\"wpcf7-form-control wpcf7-email wpcf7-validates-as-required wpcf7-text wpcf7-validates-as-email\" aria-required=\"true\" aria-invalid=\"false\" value=\"\" type=\"email\" name=\"email\" \/><\/span><\/label>\n\t\t<\/p>\n\t<\/div>\n\t<div style=\"padding: 1em;\">\n\t\t<h6>Uw project\n\t\t<\/h6>\n\t\t<p><label>Naam van het project<br \/>\n<span class=\"wpcf7-form-control-wrap\" data-name=\"projectTitle\"><input size=\"40\" maxlength=\"400\" class=\"wpcf7-form-control wpcf7-text wpcf7-validates-as-required\" aria-required=\"true\" aria-invalid=\"false\" value=\"\" type=\"text\" name=\"projectTitle\" \/><\/span><\/label><br \/>\n<label>Beschijving van het projct<br \/>\n<span class=\"wpcf7-form-control-wrap\" data-name=\"description\"><textarea cols=\"40\" rows=\"10\" maxlength=\"2000\" class=\"wpcf7-form-control wpcf7-textarea wpcf7-validates-as-required\" aria-required=\"true\" aria-invalid=\"false\" name=\"description\"><\/textarea><\/span><br \/>\n<\/label>\n\t\t<\/p>\n\t<\/div>\n<\/div>\n<h6 style=\"text-align: center;\">Aanvullende informatie <small>(niet verplicht)<\/small>\n<\/h6>\n<div style=\"display: flex; justify-content: center; flex-wrap: wrap;\">\n\t<div>\n\t\t<p><label>Foto('s) van de ruimte waar het project komt te staan<br \/>\n<span class=\"wpcf7-form-control-wrap\" data-name=\"photo-room-1\"><input size=\"40\" class=\"wpcf7-form-control wpcf7-file\" accept=\".jpg\" aria-invalid=\"false\" type=\"file\" name=\"photo-room-1\" \/><\/span><\/label><br \/>\n<label><span class=\"wpcf7-form-control-wrap\" data-name=\"photo-room-2\"><input size=\"40\" class=\"wpcf7-form-control wpcf7-file\" accept=\".jpg\" aria-invalid=\"false\" type=\"file\" name=\"photo-room-2\" \/><\/span><\/label><br \/>\n<label><span class=\"wpcf7-form-control-wrap\" data-name=\"photo-room-3\"><input size=\"40\" class=\"wpcf7-form-control wpcf7-file\" accept=\".jpg\" aria-invalid=\"false\" type=\"file\" name=\"photo-room-3\" \/><\/span><\/label><br \/>\n<label><br \/>\n<\/label>\n\t\t<\/p>\n\t<\/div>\n\t<div>\n\t\t<p>Schema of voorbeeld<br \/>\n<span class=\"wpcf7-form-control-wrap\" data-name=\"example-1\"><input size=\"40\" class=\"wpcf7-form-control wpcf7-file\" accept=\".jpg\" aria-invalid=\"false\" type=\"file\" name=\"example-1\" \/><\/span><br \/>\n<label><span class=\"wpcf7-form-control-wrap\" data-name=\"example-2\"><input size=\"40\" class=\"wpcf7-form-control wpcf7-file\" accept=\".jpg\" aria-invalid=\"false\" type=\"file\" name=\"example-2\" \/><\/span><\/label><br \/>\n<label><span class=\"wpcf7-form-control-wrap\" data-name=\"example-3\"><input size=\"40\" class=\"wpcf7-form-control wpcf7-file\" accept=\".jpg\" aria-invalid=\"false\" type=\"file\" name=\"example-3\" \/><\/span><\/label>\n\t\t<\/p>\n\t<\/div>\n<\/div>\n<div style=\"text-align: center;\">\n\t<p><input class=\"wpcf7-form-control wpcf7-submit has-spinner\" type=\"submit\" value=\"Stuur\" \/>\n\t<\/p>\n<\/div><div class=\"wpcf7-response-output\" aria-hidden=\"true\"><\/div>\n<input type=\"hidden\" name=\"trp-form-language\" value=\"nl\"\/><\/form>\n<\/div>","protected":false},"excerpt":{"rendered":"<p>Vous souhaitez l'aide d'un professionnel? Nos partenaires peuvent prendre en charge l'enti\u00e8ret\u00e9 de votre projet. Le prix du mobilier reste le m\u00eame et l'architecte ou le menuisier de votre choix [&hellip;]<\/p>","protected":false},"author":2,"featured_media":666,"parent":156,"menu_order":0,"comment_status":"closed","ping_status":"closed","template":"","meta":{"_acf_changed":false,"om_disable_all_campaigns":false,"footnotes":""},"class_list":["post-610","page","type-page","status-publish","has-post-thumbnail","hentry"],"acf":false,"_links":{"self":[{"href":"https:\/\/www.mydimm.com\/nl\/wp-json\/wp\/v2\/pages\/610","targetHints":{"allow":["GET"]}}],"collection":[{"href":"https:\/\/www.mydimm.com\/nl\/wp-json\/wp\/v2\/pages"}],"about":[{"href":"https:\/\/www.mydimm.com\/nl\/wp-json\/wp\/v2\/types\/page"}],"author":[{"embeddable":true,"href":"https:\/\/www.mydimm.com\/nl\/wp-json\/wp\/v2\/users\/2"}],"replies":[{"embeddable":true,"href":"https:\/\/www.mydimm.com\/nl\/wp-json\/wp\/v2\/comments?post=610"}],"version-history":[{"count":6,"href":"https:\/\/www.mydimm.com\/nl\/wp-json\/wp\/v2\/pages\/610\/revisions"}],"predecessor-version":[{"id":2807,"href":"https:\/\/www.mydimm.com\/nl\/wp-json\/wp\/v2\/pages\/610\/revisions\/2807"}],"up":[{"embeddable":true,"href":"https:\/\/www.mydimm.com\/nl\/wp-json\/wp\/v2\/pages\/156"}],"wp:featuredmedia":[{"embeddable":true,"href":"https:\/\/www.mydimm.com\/nl\/wp-json\/wp\/v2\/media\/666"}],"wp:attachment":[{"href":"https:\/\/www.mydimm.com\/nl\/wp-json\/wp\/v2\/media?parent=610"}],"curies":[{"name":"wp","href":"https:\/\/api.w.org\/{rel}","templated":true}]}}