{"id":633,"date":"2019-02-13T10:48:18","date_gmt":"2019-02-13T09:48:18","guid":{"rendered":"http:\/\/new-wordpress.mydimm.dev-platform.creacore.be\/?page_id=633"},"modified":"2020-09-02T15:49:40","modified_gmt":"2020-09-02T13:49:40","slug":"contact-partenaire-pascal","status":"publish","type":"page","link":"https:\/\/www.mydimm.com\/fr\/artisans-partenaires\/contact-partenaire-pascal\/","title":{"rendered":"Contact partenaire (Pascal)"},"content":{"rendered":"\n<h2 class=\"has-text-align-center wp-block-heading\">Vous souhaitez l'aide d'un professionnel?<\/h2>\n\n\n\n<p class=\"has-text-align-center has-medium-font-size\">Nos artisans partenaires peuvent prendre en charge l'enti\u00e8ret\u00e9 de votre projet. Le prix du mobilier reste le m\u00eame et l'artisan vous remet un devis pour le mesurage, la conception et la pose.<\/p>\n\n\n\n<p><\/p>\n\n\n\n<div class=\"wpcf7 no-js\" id=\"wpcf7-f632-o1\" lang=\"fr-FR\" dir=\"ltr\" data-wpcf7-id=\"632\">\n<div class=\"screen-reader-response\"><p role=\"status\" aria-live=\"polite\" aria-atomic=\"true\"><\/p> <ul><\/ul><\/div>\n<form action=\"\/fr\/wp-json\/wp\/v2\/pages\/633#wpcf7-f632-o1\" method=\"post\" class=\"wpcf7-form init artisan-form\" aria-label=\"Formulaire de contact\" enctype=\"multipart\/form-data\" novalidate=\"novalidate\" data-status=\"init\">\n<fieldset class=\"hidden-fields-container\"><input type=\"hidden\" name=\"_wpcf7\" value=\"632\" \/><input type=\"hidden\" name=\"_wpcf7_version\" value=\"6.1.2\" \/><input type=\"hidden\" name=\"_wpcf7_locale\" value=\"fr_FR\" \/><input type=\"hidden\" name=\"_wpcf7_unit_tag\" value=\"wpcf7-f632-o1\" \/><input type=\"hidden\" name=\"_wpcf7_container_post\" value=\"0\" \/><input type=\"hidden\" name=\"_wpcf7_posted_data_hash\" value=\"\" \/><input type=\"hidden\" name=\"_wpcf7_recaptcha_response\" value=\"\" \/>\n<\/fieldset>\n<div style=\"display: flex; justify-content: center; flex-wrap: wrap;\">\n\t<div style=\"padding: 1em;\">\n\t\t<h6>Vos coordonn\u00e9es\n\t\t<\/h6>\n\t\t<p><label>Nom<br \/>\n<span class=\"wpcf7-form-control-wrap\" data-name=\"lastname\"><input size=\"40\" maxlength=\"400\" class=\"wpcf7-form-control wpcf7-text wpcf7-validates-as-required\" aria-required=\"true\" aria-invalid=\"false\" value=\"\" type=\"text\" name=\"lastname\" \/><\/span> <\/label><br \/>\n<label>Pr\u00e9nom<br \/>\n<span class=\"wpcf7-form-control-wrap\" data-name=\"firstname\"><input size=\"40\" maxlength=\"400\" class=\"wpcf7-form-control wpcf7-text wpcf7-validates-as-required\" aria-required=\"true\" aria-invalid=\"false\" value=\"\" type=\"text\" name=\"firstname\" \/><\/span> <\/label><br \/>\n<label>T\u00e9l\u00e9phone<br \/>\n<span class=\"wpcf7-form-control-wrap\" data-name=\"phone\"><input size=\"40\" maxlength=\"400\" class=\"wpcf7-form-control wpcf7-tel wpcf7-validates-as-required wpcf7-text wpcf7-validates-as-tel\" aria-required=\"true\" aria-invalid=\"false\" value=\"\" type=\"tel\" name=\"phone\" \/><\/span><\/label><br \/>\n<label>Adresse email<br \/>\n<span class=\"wpcf7-form-control-wrap\" data-name=\"email\"><input size=\"40\" maxlength=\"400\" class=\"wpcf7-form-control wpcf7-email wpcf7-validates-as-required wpcf7-text wpcf7-validates-as-email\" aria-required=\"true\" aria-invalid=\"false\" value=\"\" type=\"email\" name=\"email\" \/><\/span><\/label>\n\t\t<\/p>\n\t<\/div>\n\t<div style=\"padding: 1em;\">\n\t\t<h6>Votre projet\n\t\t<\/h6>\n\t\t<p><label>Nom du projet<br \/>\n<span class=\"wpcf7-form-control-wrap\" data-name=\"projectTitle\"><input size=\"40\" maxlength=\"400\" class=\"wpcf7-form-control wpcf7-text wpcf7-validates-as-required\" aria-required=\"true\" aria-invalid=\"false\" value=\"\" type=\"text\" name=\"projectTitle\" \/><\/span><\/label><br \/>\n<label>Description du projet<br \/>\n<span class=\"wpcf7-form-control-wrap\" data-name=\"description\"><textarea cols=\"40\" rows=\"10\" maxlength=\"2000\" class=\"wpcf7-form-control wpcf7-textarea wpcf7-validates-as-required\" aria-required=\"true\" aria-invalid=\"false\" name=\"description\"><\/textarea><\/span><br \/>\n<\/label>\n\t\t<\/p>\n\t<\/div>\n<\/div>\n<h6 style=\"text-align: center;\">Informations compl\u00e9mentaires <small>(non obligatoire)<\/small>\n<\/h6>\n<div style=\"display: flex; justify-content: center; flex-wrap: wrap;\">\n\t<div>\n\t\t<p><label>Photo(s) de la pi\u00e8ce o\u00f9 sera situ\u00e9 le projet<br \/>\n<span class=\"wpcf7-form-control-wrap\" data-name=\"photo-room-1\"><input size=\"40\" class=\"wpcf7-form-control wpcf7-file\" accept=\".jpg\" aria-invalid=\"false\" type=\"file\" name=\"photo-room-1\" \/><\/span><\/label><br \/>\n<label><span class=\"wpcf7-form-control-wrap\" data-name=\"photo-room-2\"><input size=\"40\" class=\"wpcf7-form-control wpcf7-file\" accept=\".jpg\" aria-invalid=\"false\" type=\"file\" name=\"photo-room-2\" \/><\/span><\/label><br \/>\n<label><span class=\"wpcf7-form-control-wrap\" data-name=\"photo-room-3\"><input size=\"40\" class=\"wpcf7-form-control wpcf7-file\" accept=\".jpg\" aria-invalid=\"false\" type=\"file\" name=\"photo-room-3\" \/><\/span><\/label><br \/>\n<label><br \/>\n<\/label>\n\t\t<\/p>\n\t<\/div>\n\t<div>\n\t\t<p>Sch\u00e9ma ou exemple<br \/>\n<span class=\"wpcf7-form-control-wrap\" data-name=\"example-1\"><input size=\"40\" class=\"wpcf7-form-control wpcf7-file\" accept=\".jpg\" aria-invalid=\"false\" type=\"file\" name=\"example-1\" \/><\/span><br \/>\n<label><span class=\"wpcf7-form-control-wrap\" data-name=\"example-2\"><input size=\"40\" class=\"wpcf7-form-control wpcf7-file\" accept=\".jpg\" aria-invalid=\"false\" type=\"file\" name=\"example-2\" \/><\/span><\/label><br \/>\n<label><span class=\"wpcf7-form-control-wrap\" data-name=\"example-3\"><input size=\"40\" class=\"wpcf7-form-control wpcf7-file\" accept=\".jpg\" aria-invalid=\"false\" type=\"file\" name=\"example-3\" \/><\/span><\/label>\n\t\t<\/p>\n\t<\/div>\n<\/div>\n<div style=\"text-align: center;\">\n\t<p><input class=\"wpcf7-form-control wpcf7-submit has-spinner\" type=\"submit\" value=\"Envoyer\" \/>\n\t<\/p>\n<\/div><div class=\"wpcf7-response-output\" aria-hidden=\"true\"><\/div>\n<\/form>\n<\/div>\n\n","protected":false},"excerpt":{"rendered":"<p>Vous souhaitez l'aide d'un professionnel? Nos artisans partenaires peuvent prendre en charge l'enti\u00e8ret\u00e9 de votre projet. Le prix du mobilier reste le m\u00eame et l'artisan vous remet un devis pour [&hellip;]<\/p>\n","protected":false},"author":2,"featured_media":157,"parent":156,"menu_order":0,"comment_status":"closed","ping_status":"closed","template":"","meta":{"_acf_changed":false,"om_disable_all_campaigns":false,"footnotes":""},"class_list":["post-633","page","type-page","status-publish","has-post-thumbnail","hentry"],"acf":false,"_links":{"self":[{"href":"https:\/\/www.mydimm.com\/fr\/wp-json\/wp\/v2\/pages\/633","targetHints":{"allow":["GET"]}}],"collection":[{"href":"https:\/\/www.mydimm.com\/fr\/wp-json\/wp\/v2\/pages"}],"about":[{"href":"https:\/\/www.mydimm.com\/fr\/wp-json\/wp\/v2\/types\/page"}],"author":[{"embeddable":true,"href":"https:\/\/www.mydimm.com\/fr\/wp-json\/wp\/v2\/users\/2"}],"replies":[{"embeddable":true,"href":"https:\/\/www.mydimm.com\/fr\/wp-json\/wp\/v2\/comments?post=633"}],"version-history":[{"count":4,"href":"https:\/\/www.mydimm.com\/fr\/wp-json\/wp\/v2\/pages\/633\/revisions"}],"predecessor-version":[{"id":1196,"href":"https:\/\/www.mydimm.com\/fr\/wp-json\/wp\/v2\/pages\/633\/revisions\/1196"}],"up":[{"embeddable":true,"href":"https:\/\/www.mydimm.com\/fr\/wp-json\/wp\/v2\/pages\/156"}],"wp:featuredmedia":[{"embeddable":true,"href":"https:\/\/www.mydimm.com\/fr\/wp-json\/wp\/v2\/media\/157"}],"wp:attachment":[{"href":"https:\/\/www.mydimm.com\/fr\/wp-json\/wp\/v2\/media?parent=633"}],"curies":[{"name":"wp","href":"https:\/\/api.w.org\/{rel}","templated":true}]}}